{"id":11,"date":"2024-09-17T13:03:06","date_gmt":"2024-09-17T13:03:06","guid":{"rendered":"https:\/\/vitaforma.fr\/?page_id=11"},"modified":"2024-09-17T13:03:06","modified_gmt":"2024-09-17T13:03:06","slug":"soins-capillaires","status":"publish","type":"page","link":"https:\/\/vitaforma.fr\/index.php\/soins-capillaires\/","title":{"rendered":"Soins Capillaires"},"content":{"rendered":"\n<p>Shers lecteurs, comme je l\u2019avais pr\u00e9c\u00e9demment \u00e9crit, cet article va parler des soins capillaires. Je ne vais pas vous faire un cours sur la morphologie mais vous r\u00e9v\u00e9ler quelques astuces int\u00e9ressantes; \u00e0 savoir quels r\u00e9gimes et quels soins appropri\u00e9s selon le type de cheveux.<\/p>\n\n\n\n<p>Tout d\u2019abord, il faut savoir qu\u2019un r\u00e9gime alimentaire appropri\u00e9 au type de cheveux permet de les rendre plus beaux et plus r\u00e9sistants. On sait qu\u2019il y a deux types de cheveux : les cheveux gras et les cheveux secs.<\/p>\n\n\n\n<p>En conseil di\u00e9t\u00e9tique, pour les cheveux gras, consommer pour leur richesse en soufre: du chou pomme, des navets, des radis, du blanc d\u2019\u0153uf, des germes de bl\u00e9s.<\/p>\n\n\n\n<p>Pour les cheveux secs, consommer pour leur richesse en vitamines : des \u0153ufs, du miel, du foie, de la moelle de b\u0153uf ou de mouton.<\/p>\n\n\n\n<p>Pour les chevaux cassants, afin de les fortifier, il faut consommer des aliments tels que des \u0153ufs, des pommes, du raisin, de l\u2019ananas , des oignons , des carottes.<\/p>\n\n\n\n<p>Ensuite, il y a les soins capillaires. Les cheveux refl\u00e8tent l\u2019\u00e9nergie interne, quelqu\u2019un de fatigu\u00e9, stress\u00e9 aura des cheveux ternes, cassants alors qu\u2019une personne pleine de vitalit\u00e9 aura les cheveux souples et r\u00e9sistants.<\/p>\n\n\n\n<p>Si c\u2019est votre cas o\u00f9 les cheveux vous donnent \u00ab&nbsp;du fil \u00e0 retordre&nbsp;\u00bb, voici quelques conseils; tous les jours masser votre cuir chevelu durant cinq minutes et laver vos cheveux \u00e0 l\u2019eau ti\u00e8de.<\/p>\n\n\n\n<p>Divers rin\u00e7ages apr\u00e8s le shampooing am\u00e9liorent la brillance ; pour les cheveux fonc\u00e9s (ch\u00e2tains, bruns, noirs), mettre dans la derni\u00e8re eau de rin\u00e7age, deux cuill\u00e8res \u00e0 soupe de vinaigre de vin, pour les cheveux blonds, ajouter un demi-citron. Une derni\u00e8re info, pour les cheveux blanc, une lotion de sauge convient, \u00e0 appliquer apr\u00e8s le shampooing, mac\u00e9rer dans un litre d\u2019alcool \u00e0 70 degr\u00e9, une poign\u00e9e de sauge. Laisser reposer deux semaines, filtrer et remettre en bouteille.<\/p>\n","protected":false},"excerpt":{"rendered":"<p>Shers lecteurs, comme je l\u2019avais pr\u00e9c\u00e9demment \u00e9crit, cet article va parler des soins capillaires. Je ne vais pas vous faire un cours sur la morphologie mais vous r\u00e9v\u00e9ler quelques astuces int\u00e9ressantes; \u00e0 savoir quels r\u00e9gimes et quels soins appropri\u00e9s selon le type de cheveux. Tout d\u2019abord, il faut savoir qu\u2019un r\u00e9gime alimentaire appropri\u00e9 au type [&hellip;]<\/p>\n","protected":false},"author":1,"featured_media":0,"parent":0,"menu_order":0,"comment_status":"closed","ping_status":"closed","template":"","meta":{"footnotes":""},"class_list":["post-11","page","type-page","status-publish","hentry"],"_links":{"self":[{"href":"https:\/\/vitaforma.fr\/index.php\/wp-json\/wp\/v2\/pages\/11","targetHints":{"allow":["GET"]}}],"collection":[{"href":"https:\/\/vitaforma.fr\/index.php\/wp-json\/wp\/v2\/pages"}],"about":[{"href":"https:\/\/vitaforma.fr\/index.php\/wp-json\/wp\/v2\/types\/page"}],"author":[{"embeddable":true,"href":"https:\/\/vitaforma.fr\/index.php\/wp-json\/wp\/v2\/users\/1"}],"replies":[{"embeddable":true,"href":"https:\/\/vitaforma.fr\/index.php\/wp-json\/wp\/v2\/comments?post=11"}],"version-history":[{"count":1,"href":"https:\/\/vitaforma.fr\/index.php\/wp-json\/wp\/v2\/pages\/11\/revisions"}],"predecessor-version":[{"id":12,"href":"https:\/\/vitaforma.fr\/index.php\/wp-json\/wp\/v2\/pages\/11\/revisions\/12"}],"wp:attachment":[{"href":"https:\/\/vitaforma.fr\/index.php\/wp-json\/wp\/v2\/media?parent=11"}],"curies":[{"name":"wp","href":"https:\/\/api.w.org\/{rel}","templated":true}]}}